{"id":3,"date":"2024-09-18T15:24:20","date_gmt":"2024-09-18T13:24:20","guid":{"rendered":"http:\/\/www.petrbernadic.cz\/?page_id=3"},"modified":"2024-10-17T13:03:26","modified_gmt":"2024-10-17T11:03:26","slug":"ochrana-osobnich-udaju","status":"publish","type":"page","link":"https:\/\/www.petrbernadic.cz\/?page_id=3","title":{"rendered":"Z\u00e1sady ochrany osobn\u00edch \u00fadaj\u016f"},"content":{"rendered":"\t\t<div data-elementor-type=\"wp-page\" data-elementor-id=\"3\" class=\"elementor elementor-3\" data-elementor-post-type=\"page\">\n\t\t\t\t<div class=\"elementor-element elementor-element-50e66744 e-flex e-con-boxed e-con e-parent\" data-id=\"50e66744\" data-element_type=\"container\" data-e-type=\"container\">\n\t\t\t\t\t<div class=\"e-con-inner\">\n\t\t\t\t<div class=\"elementor-element elementor-element-15593397 elementor-widget elementor-widget-text-editor\" data-id=\"15593397\" data-element_type=\"widget\" data-e-type=\"widget\" data-widget_type=\"text-editor.default\">\n\t\t\t\t<div class=\"elementor-widget-container\">\n\t\t\t\t\t\t\t\t\t\n<p><strong>Z\u00e1sady zpracov\u00e1n\u00ed osobn\u00edch \u00fadaj\u016f<\/strong><\/p>\n\n\n\n<p>Ochrana Va\u0161eho soukrom\u00ed je pro n\u00e1s velmi d\u016fle\u017eit\u00e1. Na na\u0161ich webov\u00fdch str\u00e1nk\u00e1ch, um\u00edst\u011bn\u00fdch na internetov\u00e9 adrese <a href=\"https:\/\/www.petrbernadic.cz\/\">https:\/\/www.petrbernadic.cz\/<\/a> (d\u00e1le \u201eWeb\u201c), se sna\u017e\u00edme zajistit co nejvy\u0161\u0161\u00ed standardy ochrany. N\u00ed\u017ee se mimo jin\u00e9 do\u010dtete, jak\u00fdm zp\u016fsobem Va\u0161e osobn\u00ed \u00fadaje z\u00edskan\u00e9 prost\u0159ednictv\u00edm Webu shroma\u017e\u010fujeme a&nbsp;zpracov\u00e1v\u00e1me.<\/p>\n\n\n\n<h3 class=\"wp-block-heading\">1. KDO ZPRACOV\u00c1V\u00c1 VA\u0160E OSOBN\u00cd \u00daDAJE?<\/h3>\n\n\n\n<h4 class=\"wp-block-heading\">1.1. Spr\u00e1vce osobn\u00edch \u00fadaj\u016f<\/h4>\n\n\n\n<p>Spr\u00e1vcem Va\u0161ich osobn\u00edch \u00fadaj\u016f jsme my, <strong>Petr Bernadi\u010d<\/strong>, I\u010cO: <strong>74636006<\/strong>, se s\u00eddlem <strong>Ke \u0160t\u00edtu 19, 10400 Praha<\/strong>, zapsan\u00fd v&nbsp;\u017eivnostensk\u00e9m rejst\u0159\u00edku.<\/p>\n\n\n\n<h4 class=\"wp-block-heading\">1.2. Kontaktn\u00ed \u00fadaje<\/h4>\n\n\n\n<p>Na\u0161e kontaktn\u00ed \u00fadaje jsou n\u00e1sleduj\u00edc\u00ed:<\/p>\n\n\n\n<ol class=\"wp-block-list\">\n<li><strong>e-mail:<\/strong> <a href=\"mailto:petr@bernadic.cz\">petr@bernadic.cz<\/a>;<\/li>\n\n\n\n<li><strong>s\u00eddlo:<\/strong> Ke \u0160t\u00edtu 19, Praha 10400;<\/li>\n<\/ol>\n\n\n\n<p>Na v\u00fd\u0161e uveden\u00fdch kontaktech m\u016f\u017eete tak\u00e9 uplatnit ve\u0161ker\u00e1 sv\u00e1 d\u00e1le popsan\u00e1 pr\u00e1va spojen\u00e1 s&nbsp;osobn\u00edmi \u00fadaji.<\/p>\n\n\n\n<h3 class=\"wp-block-heading\">2. KDY VA\u0160E OSOBN\u00cd \u00daDAJE ZPRACOV\u00c1V\u00c1ME?<\/h3>\n\n\n\n<h4 class=\"wp-block-heading\">2.1. Situace, kdy z\u00edsk\u00e1v\u00e1me Va\u0161e osobn\u00ed \u00fadaje:<\/h4>\n\n\n\n<ol class=\"wp-block-list\">\n<li>P\u0159i odesl\u00e1n\u00ed dotazu prost\u0159ednictv\u00edm kontaktn\u00edho formul\u00e1\u0159e;<\/li>\n\n\n\n<li>P\u0159i odesl\u00e1n\u00ed dotazu prost\u0159ednictv\u00edm chatovac\u00edho okna;<\/li>\n\n\n\n<li>P\u0159i odesl\u00e1n\u00ed odkazu na slu\u017eby prost\u0159ednictv\u00edm na\u0161eho formul\u00e1\u0159e;<\/li>\n\n\n\n<li>P\u0159i objedn\u00e1vce zbo\u017e\u00ed, obsahu (kurzy, e-knihy, audioknihy, vzory smluv) a&nbsp;slu\u017eeb (workshopy);<\/li>\n\n\n\n<li>P\u0159i platb\u011b za zbo\u017e\u00ed p\u0159es platebn\u00ed br\u00e1nu ThePay;<\/li>\n\n\n\n<li>Za \u00fa\u010delem sjedn\u00e1n\u00ed individu\u00e1ln\u00edch slu\u017eeb (individu\u00e1ln\u00ed konzultace, workshopy na m\u00edru, prodejn\u00ed manu\u00e1l na m\u00edru, kurzy do cel\u00e9 firmy, dlouhodob\u00e9 spolupr\u00e1ce, sales audit);<\/li>\n\n\n\n<li>V p\u0159\u00edpad\u011b, \u017ee nap\u00ed\u0161ete referenci (recenzi);<\/li>\n\n\n\n<li>P\u0159i p\u0159ihl\u00e1\u0161en\u00ed se k&nbsp;odb\u011bru newsletteru;<\/li>\n\n\n\n<li>Pokud n\u00e1s kontaktujete na v\u00fd\u0161e uveden\u00fdch adres\u00e1ch;<\/li>\n\n\n\n<li>V p\u0159\u00edpad\u011b, \u017ee se z\u00fa\u010dastn\u00edte na\u0161eho \u0161kolen\u00ed nebo semin\u00e1\u0159e.<\/li>\n<\/ol>\n\n\n\n<h3 class=\"wp-block-heading\">3. JAK\u00c9 OSOBN\u00cd \u00daDAJE ZPRACOV\u00c1V\u00c1ME A&nbsp;PRO\u010c?<\/h3>\n\n\n\n<h4 class=\"wp-block-heading\">3.1. Dotaz prost\u0159ednictv\u00edm kontaktn\u00edho formul\u00e1\u0159e<\/h4>\n\n\n\n<p>P\u0159i odesl\u00e1n\u00ed dotazu prost\u0159ednictv\u00edm kontaktn\u00edho formul\u00e1\u0159e zpracov\u00e1v\u00e1me tyto Va\u0161e osobn\u00ed \u00fadaje:<\/p>\n\n\n\n<ol class=\"wp-block-list\">\n<li>Jm\u00e9no a&nbsp;p\u0159\u00edjmen\u00ed;<\/li>\n\n\n\n<li>N\u00e1zev firmy;<\/li>\n\n\n\n<li>Telefonn\u00ed \u010d\u00edslo;<\/li>\n\n\n\n<li>E-mail;<\/li>\n\n\n\n<li>Obsah zpr\u00e1vy.<\/li>\n<\/ol>\n\n\n\n<p>Tyto osobn\u00ed \u00fadaje pot\u0159ebujeme k&nbsp;tomu, abychom V\u00e1s mohli spr\u00e1vn\u011b oslovit, v\u011bd\u011bli, na co jste se n\u00e1s ptali a&nbsp;co V\u00e1s zaj\u00edmalo, a&nbsp;mohli odpov\u011bd\u011bt na V\u00e1\u0161 dotaz.<\/p>\n\n\n\n<h4 class=\"wp-block-heading\">3.2. Dotaz prost\u0159ednictv\u00edm chatovac\u00edho okna<\/h4>\n\n\n\n<p>Va\u0161e osobn\u00ed \u00fadaje \u2013 obsah Va\u0161\u00ed zpr\u00e1vy, p\u0159i odesl\u00e1n\u00ed dotazu prost\u0159ednictv\u00edm chatovac\u00edho okna pro n\u00e1s zpracov\u00e1v\u00e1 spole\u010dnost <strong>Smartsupp.com, s.r.o.<\/strong>, I\u010cO: <strong>03668681<\/strong>, se s\u00eddlem \u0160umavsk\u00e1 524\/31, 602&nbsp;00 Brno \u2013 Veve\u0159\u00ed. Zpracov\u00e1v\u00e1 jej proto, abychom v\u011bd\u011bli, na co jste se n\u00e1s ptali, co V\u00e1s zaj\u00edmalo a&nbsp;mohli na V\u00e1\u0161 dotaz odpov\u011bd\u011bt. Pokud v&nbsp;r\u00e1mci komunikace p\u0159es chatovac\u00ed okno zad\u00e1te e-mail, ud\u011bl\u00edte t\u00edm z\u00e1rove\u0148 souhlas se zpracov\u00e1n\u00edm Va\u0161eho e-mailu.<\/p>\n\n\n\n<h4 class=\"wp-block-heading\">3.3. Odkaz na slu\u017eby prost\u0159ednictv\u00edm formul\u00e1\u0159e<\/h4>\n\n\n\n<p>P\u0159i odesl\u00e1n\u00ed odkazu na slu\u017eby (obsah) prost\u0159ednictv\u00edm na\u0161eho formul\u00e1\u0159e zpracov\u00e1v\u00e1me tyto Va\u0161e osobn\u00ed \u00fadaje:<\/p>\n\n\n\n<ol class=\"wp-block-list\">\n<li>Jm\u00e9no a&nbsp;p\u0159\u00edjmen\u00ed z\u00e1jemce;<\/li>\n\n\n\n<li>E-mail z\u00e1jemce;<\/li>\n\n\n\n<li>Jm\u00e9no a&nbsp;p\u0159\u00edjmen\u00ed nad\u0159\u00edzen\u00e9ho;<\/li>\n\n\n\n<li>E-mail nad\u0159\u00edzen\u00e9ho.<\/li>\n<\/ol>\n\n\n\n<p>Tyto osobn\u00ed \u00fadaje zpracov\u00e1v\u00e1me proto, abychom v\u011bd\u011bli, \u017ee jste m\u011bli o&nbsp;na\u0161e slu\u017eby z\u00e1jem a&nbsp;mohli V\u00e1s p\u0159\u00edpadn\u011b kontaktovat za \u00fa\u010delem nab\u00eddky na\u0161eho zbo\u017e\u00ed, obsahu a&nbsp;slu\u017eeb.<\/p>\n\n\n\n<h4 class=\"wp-block-heading\">3.4. Objedn\u00e1vka zbo\u017e\u00ed, obsahu a&nbsp;slu\u017eeb<\/h4>\n\n\n\n<p>P\u0159i objedn\u00e1vce zbo\u017e\u00ed, obsahu a&nbsp;slu\u017eeb zpracov\u00e1v\u00e1me tyto Va\u0161e osobn\u00ed \u00fadaje:<\/p>\n\n\n\n<ol class=\"wp-block-list\">\n<li><strong>Identifika\u010dn\u00ed \u00fadaje:<\/strong> Jm\u00e9no a&nbsp;p\u0159\u00edjmen\u00ed, n\u00e1zev firmy \u2013 pokud jej uvedete;<\/li>\n\n\n\n<li><strong>Adresn\u00ed \u00fadaje:<\/strong> N\u00e1zev ulice, \u010d\u00edslo popisn\u00e9, m\u011bsto, PS\u010c, st\u00e1t;<\/li>\n\n\n\n<li><strong>Kontaktn\u00ed \u00fadaje:<\/strong> E-mail a&nbsp;telefonn\u00ed \u010d\u00edslo;<\/li>\n\n\n\n<li><strong>I\u010cO a&nbsp;DI\u010c:<\/strong> Pokud vystupujete v&nbsp;pozici podnikatele.<\/li>\n<\/ol>\n\n\n\n<p>Tyto osobn\u00ed \u00fadaje pot\u0159ebujeme k&nbsp;tomu, abychom V\u00e1s mohli identifikovat, uzav\u0159\u00edt s&nbsp;V\u00e1mi kupn\u00ed smlouvu, smlouvu o&nbsp;poskytnut\u00ed digit\u00e1ln\u00edho obsahu nebo smlouvu o&nbsp;poskytnut\u00ed slu\u017eeb a&nbsp;p\u0159\u00edpadn\u011b V\u00e1s mohli informovat o&nbsp;jak\u00fdchkoli zm\u011bn\u00e1ch. \u00dadaje d\u00e1le pot\u0159ebujeme zn\u00e1t pro vystaven\u00ed da\u0148ov\u00fdch doklad\u016f. Pokud n\u00e1m neposkytnete v\u00fd\u0161e uveden\u00e9 osobn\u00ed \u00fadaje, nem\u016f\u017eeme s&nbsp;V\u00e1mi uzav\u0159\u00edt smlouvu a&nbsp;prodat V\u00e1m na\u0161e zbo\u017e\u00ed \u010di obsah nebo poskytnout V\u00e1m na\u0161e slu\u017eby. Tyto osobn\u00ed \u00fadaje jsou toti\u017e nutn\u00e9 pro uzav\u0159en\u00ed a&nbsp;pln\u011bn\u00ed smlouvy.<\/p>\n\n\n\n<h4 class=\"wp-block-heading\">3.5. Pozn\u00e1mky k&nbsp;objedn\u00e1vce a&nbsp;informace o&nbsp;n\u00e1kupech<\/h4>\n\n\n\n<p>D\u00e1le p\u0159i objedn\u00e1vce zbo\u017e\u00ed, obsahu a&nbsp;slu\u017eeb zpracov\u00e1v\u00e1me tyto Va\u0161e osobn\u00ed \u00fadaje:<\/p>\n\n\n\n<ol class=\"wp-block-list\">\n<li><strong>Obsah pozn\u00e1mky k&nbsp;objedn\u00e1vce:<\/strong> Pokud n\u00e1m ji nap\u00ed\u0161ete;<\/li>\n\n\n\n<li><strong>Informace o&nbsp;n\u00e1kupech:<\/strong> Obsah pozn\u00e1mky pot\u0159ebujeme k&nbsp;tomu, abychom v\u011bd\u011bli, na co jste se n\u00e1s p\u0159i n\u00e1kupu ptali, co jste \u017e\u00e1dali nebo co V\u00e1s zaj\u00edmalo. Informace o&nbsp;Va\u0161ich n\u00e1kupech uchov\u00e1v\u00e1me proto, abychom v\u011bd\u011bli, k&nbsp;\u010demu jsme se zav\u00e1zali.<\/li>\n<\/ol>\n\n\n\n<h4 class=\"wp-block-heading\">3.6. Platba p\u0159es platebn\u00ed br\u00e1nu ThePay<\/h4>\n\n\n\n<p>P\u0159i platb\u011b za zbo\u017e\u00ed p\u0159es platebn\u00ed br\u00e1nu ThePay zpracov\u00e1v\u00e1 Va\u0161e osobn\u00ed \u00fadaje spole\u010dnost <strong>ThePay.cz, s.r.o.<\/strong>, I\u010cO: <strong>28135261<\/strong>, se s\u00eddlem Masarykovo n\u00e1m\u011bst\u00ed 102\/65, 586&nbsp;01 Jihlava. Pro proveden\u00ed platby pot\u0159ebuje tyto osobn\u00ed \u00fadaje:<\/p>\n\n\n\n<ol class=\"wp-block-list\">\n<li>\u010c\u00edslo karty;<\/li>\n\n\n\n<li>Datum splatnosti karty;<\/li>\n\n\n\n<li>CVC k\u00f3d.<\/li>\n<\/ol>\n\n\n\n<h4 class=\"wp-block-heading\">3.7. Sjedn\u00e1n\u00ed individu\u00e1ln\u00edch slu\u017eeb<\/h4>\n\n\n\n<p>Za \u00fa\u010delem sjedn\u00e1n\u00ed individu\u00e1ln\u00edch slu\u017eeb zpracov\u00e1v\u00e1me tyto Va\u0161e osobn\u00ed \u00fadaje:<\/p>\n\n\n\n<ol class=\"wp-block-list\">\n<li><strong>Identifika\u010dn\u00ed \u00fadaje:<\/strong> Jm\u00e9no a&nbsp;p\u0159\u00edjmen\u00ed, n\u00e1zev firmy;<\/li>\n\n\n\n<li><strong>Kontaktn\u00ed \u00fadaje:<\/strong> E-mail a&nbsp;telefonn\u00ed \u010d\u00edslo;<\/li>\n\n\n\n<li><strong>Pozice.<\/strong><\/li>\n<\/ol>\n\n\n\n<p>Tyto osobn\u00ed \u00fadaje pot\u0159ebujeme k&nbsp;tomu, abychom V\u00e1s mohli spr\u00e1vn\u011b oslovit a&nbsp;kontaktovat za \u00fa\u010delem projedn\u00e1n\u00ed mo\u017enost\u00ed a&nbsp;dal\u0161\u00edho postupu.<\/p>\n\n\n\n<h4 class=\"wp-block-heading\">3.8. Reference a&nbsp;recenze<\/h4>\n\n\n\n<p>Pokud po vyu\u017eit\u00ed na\u0161ich slu\u017eeb nap\u00ed\u0161ete referenci, zpracov\u00e1v\u00e1me tyto Va\u0161e osobn\u00ed \u00fadaje:<\/p>\n\n\n\n<ol class=\"wp-block-list\">\n<li>Jm\u00e9no a&nbsp;p\u0159\u00edjmen\u00ed;<\/li>\n\n\n\n<li>Pozice;<\/li>\n\n\n\n<li>Firma;<\/li>\n\n\n\n<li>E-mail;<\/li>\n\n\n\n<li>Obsah recenze.<\/li>\n<\/ol>\n\n\n\n<p>Tyto osobn\u00ed \u00fadaje zpracov\u00e1v\u00e1me za \u00fa\u010delem ov\u011b\u0159ov\u00e1n\u00ed p\u016fvodu recenze a&nbsp;abychom v\u011bd\u011bli, jak jste byli s&nbsp;na\u0161\u00edm zbo\u017e\u00edm, obsahem a&nbsp;slu\u017ebami spokojeni a&nbsp;p\u0159\u00edpadn\u011b co je\u0161t\u011b m\u016f\u017eeme vylep\u0161it. D\u00e1le Va\u0161e osobn\u00ed \u00fadaje pou\u017e\u00edv\u00e1me pro propagaci na\u0161eho zbo\u017e\u00ed, obsahu a&nbsp;slu\u017eeb a&nbsp;na na\u0161em Webu.<\/p>\n\n\n\n<h4 class=\"wp-block-heading\">3.9. Odb\u011br newsletteru<\/h4>\n\n\n\n<p>Pokud se p\u0159ihl\u00e1s\u00edte k&nbsp;odb\u011bru newsletteru, zpracov\u00e1v\u00e1me tyto Va\u0161e osobn\u00ed \u00fadaje:<\/p>\n\n\n\n<ol class=\"wp-block-list\">\n<li>Jm\u00e9no a&nbsp;p\u0159\u00edjmen\u00ed;<\/li>\n\n\n\n<li>E-mail;<\/li>\n\n\n\n<li>Pozice.<\/li>\n<\/ol>\n\n\n\n<p>Tyto \u00fadaje pot\u0159ebujeme k&nbsp;tomu, abychom V\u00e1s spr\u00e1vn\u011b oslovili a&nbsp;mohli V\u00e1m pos\u00edlat p\u0159ehled akc\u00ed a&nbsp;novinek souvisej\u00edc\u00edch s&nbsp;Va\u0161\u00ed pozic\u00ed. V&nbsp;ka\u017ed\u00e9m e-mailu m\u00e1te mo\u017enost odb\u011br t\u011bchto zpr\u00e1v zru\u0161it.<\/p>\n\n\n\n<h4 class=\"wp-block-heading\">3.10. Kontaktov\u00e1n\u00ed na uveden\u00fdch adres\u00e1ch<\/h4>\n\n\n\n<p>Pokud n\u00e1s kontaktujete na v\u00fd\u0161e uveden\u00fdch adres\u00e1ch, zpracov\u00e1v\u00e1me obsah Va\u0161eho dotazu a&nbsp;d\u00e1le e-mail (pokud n\u00e1s kontaktujete prost\u0159ednictv\u00edm e-mailu) nebo telefonn\u00ed \u010d\u00edslo (pokud n\u00e1s kontaktujete prost\u0159ednictv\u00edm telefonn\u00edho \u010d\u00edsla), abychom v\u011bd\u011bli, na co jste se n\u00e1s ptali, co V\u00e1s zaj\u00edmalo a&nbsp;mohli V\u00e1m odpov\u011bd\u011bt.<\/p>\n\n\n\n<h4 class=\"wp-block-heading\">3.11.&nbsp;\u00da\u010dast na semin\u00e1\u0159\u00edch<\/h4>\n\n\n\n<p>Pokud se z\u00fa\u010dastn\u00edte na\u0161eho semin\u00e1\u0159e, velmi pravd\u011bpodobn\u011b budeme jeho pr\u016fb\u011bh dokumentovat a&nbsp;budeme proto po\u0159izovat fotografie nebo videoz\u00e1znamy. Je mo\u017en\u00e9, \u017ee na n\u011bkter\u00fdch se objev\u00edte i&nbsp;Vy. Po\u0159izov\u00e1n\u00ed fotografi\u00ed bude prob\u00edhat na z\u00e1klad\u011b na\u0161eho opr\u00e1vn\u011bn\u00e9ho z\u00e1jmu.<\/p>\n\n\n\n<h3 class=\"wp-block-heading\">4. JAK TO, \u017dE M\u016e\u017dEME ZPRACOV\u00c1VAT VA\u0160E OSOBN\u00cd \u00daDAJE?<\/h3>\n\n\n\n<h4 class=\"wp-block-heading\">4.1. Z\u00e1konn\u00e9 d\u016fvody zpracov\u00e1n\u00ed<\/h4>\n\n\n\n<p>Mo\u017enosti jsou typicky celkem \u010dty\u0159i:<\/p>\n\n\n\n<ol class=\"wp-block-list\">\n<li><strong>Nezbytnost pro pln\u011bn\u00ed smlouvy:<\/strong> Zpracov\u00e1n\u00ed je nezbytn\u00e9 pro pln\u011bn\u00ed smlouvy, kterou jsme spolu uzav\u0159eli. Na z\u00e1klad\u011b smlouvy jsme schopni V\u00e1m dodat V\u00e1mi objednan\u00e9 zbo\u017e\u00ed, obsah nebo poskytnout slu\u017ebu;<\/li>\n\n\n\n<li><strong>Souhlas:<\/strong> Se zpracov\u00e1n\u00edm jste souhlasili;<\/li>\n\n\n\n<li><strong>Opr\u00e1vn\u011bn\u00fd z\u00e1jem:<\/strong> Na zpracov\u00e1n\u00ed m\u00e1me tzv. opr\u00e1vn\u011bn\u00fd z\u00e1jem;<\/li>\n\n\n\n<li><strong>Pr\u00e1vn\u00ed povinnost:<\/strong> Zpracov\u00e1n\u00ed n\u00e1m ukl\u00e1d\u00e1 z\u00e1kon.<\/li>\n<\/ol>\n\n\n\n<h3 class=\"wp-block-heading\">5. KDO N\u00c1M POM\u00c1H\u00c1 ZPRACOV\u00c1VAT OSOBN\u00cd \u00daDAJE?<\/h3>\n\n\n\n<h4 class=\"wp-block-heading\">5.1. Zpracovatel\u00e9 osobn\u00edch \u00fadaj\u016f<\/h4>\n\n\n\n<p>N\u011bkter\u00e9 osobn\u00ed \u00fadaje o&nbsp;V\u00e1s zpracov\u00e1vaj\u00ed na\u0161i zpracovatel\u00e9, zejm\u00e9na:<\/p>\n\n\n\n<ol class=\"wp-block-list\">\n<li>Marketingov\u00e1 agentura;<\/li>\n\n\n\n<li>\u00da\u010detn\u00ed;<\/li>\n\n\n\n<li>Provozovatel chatovac\u00edho okna;<\/li>\n\n\n\n<li>Poskytovatel platebn\u00ed br\u00e1ny p\u0159i platb\u011b kartou;<\/li>\n\n\n\n<li>Banka p\u0159i bezhotovostn\u00ed platb\u011b apod.<\/li>\n<\/ol>\n\n\n\n<h4 class=\"wp-block-heading\">5.2. Doprava zbo\u017e\u00ed<\/h4>\n\n\n\n<p>P\u0159i doru\u010den\u00ed zbo\u017e\u00ed pak Va\u0161e osobn\u00ed \u00fadaje bude zpracov\u00e1vat t\u00e9\u017e p\u0159\u00edslu\u0161n\u00fd dopravce.<\/p>\n\n\n\n<h3 class=\"wp-block-heading\">6. JAK DLOUHO OSOBN\u00cd \u00daDAJE UCHOV\u00c1V\u00c1ME?<\/h3>\n\n\n\n<h4 class=\"wp-block-heading\">6.1. Objedn\u00e1vky<\/h4>\n\n\n\n<p>Osobn\u00ed \u00fadaje uveden\u00e9 ve Va\u0161\u00ed objedn\u00e1vce uchov\u00e1v\u00e1me, dokud nen\u00ed Va\u0161e objedn\u00e1vka vy\u0159\u00edzen\u00e1, a&nbsp;d\u00e1le po dobu 5 let, abychom byli schopni po proml\u010dec\u00ed dobu chr\u00e1nit na\u0161e pr\u00e1va.<\/p>\n\n\n\n<h4 class=\"wp-block-heading\">6.2. Souhlas<\/h4>\n\n\n\n<p>Pokud m\u00e1me n\u011bkter\u00e9 osobn\u00ed \u00fadaje na z\u00e1klad\u011b Va\u0161eho souhlasu, m\u016f\u017eete ho kdykoli odvolat. Takov\u00e9 osobn\u00ed \u00fadaje pak sma\u017eeme, p\u0159\u00edpadn\u011b je nebudeme pou\u017e\u00edvat pro \u00fa\u010dely, pro kter\u00e9 jsme V\u00e1\u0161 souhlas m\u011bli. Pokud souhlas neodvol\u00e1te, \u00fadaje uchov\u00e1v\u00e1me nejd\u00e9le 2 roky od jeho ud\u011blen\u00ed.<\/p>\n\n\n\n<h4 class=\"wp-block-heading\">6.3. Pr\u00e1vn\u00ed p\u0159edpisy<\/h4>\n\n\n\n<p>Pr\u00e1vn\u00ed p\u0159edpisy n\u00e1m ukl\u00e1daj\u00ed povinnost uchov\u00e1vat n\u011bkter\u00e9 Va\u0161e \u00fadaje po del\u0161\u00ed dobu, kterou samoz\u0159ejm\u011b dodr\u017eujeme.<\/p>\n\n\n\n<h4 class=\"wp-block-heading\">6.4. Anonymizace<\/h4>\n\n\n\n<p>Po uplynut\u00ed v\u00fd\u0161e uveden\u00fdch lh\u016ft Va\u0161e osobn\u00ed \u00fadaje anonymizujeme. Po stanovenou dobu je uchov\u00e1v\u00e1me proto, abychom v\u011bd\u011bli, k&nbsp;\u010demu jsme se zav\u00e1zali a&nbsp;byli schopni spr\u00e1vn\u011b reagovat v&nbsp;p\u0159\u00edpad\u011b jak\u00fdchkoli neshod.<\/p>\n\n\n\n<h3 class=\"wp-block-heading\">7. JAK\u00c1 M\u00c1TE PR\u00c1VA VE VZTAHU K&nbsp;OSOBN\u00cdM \u00daDAJ\u016eM?<\/h3>\n\n\n\n<h4 class=\"wp-block-heading\">7.1. Pr\u00e1vo na p\u0159\u00edstup<\/h4>\n\n\n\n<p>Pr\u00e1vo po\u017eadovat p\u0159\u00edstup k&nbsp;Va\u0161im osobn\u00edm \u00fadaj\u016fm \u2013 m\u016f\u017eete se n\u00e1s zeptat, jak\u00e9 osobn\u00ed \u00fadaje o&nbsp;V\u00e1s evidujeme a&nbsp;co se s&nbsp;nimi v&nbsp;pr\u016fb\u011bhu toho, co jsou u&nbsp;n\u00e1s, d\u011blo a&nbsp;bude d\u00edt.<\/p>\n\n\n\n<h4 class=\"wp-block-heading\">7.2. Pr\u00e1vo na opravu<\/h4>\n\n\n\n<p>Pr\u00e1vo na opravu \u2013 pokud nejsou Va\u0161e osobn\u00ed \u00fadaje, kter\u00e9 o&nbsp;V\u00e1s vedeme, ji\u017e aktu\u00e1ln\u00ed, nebo jsou nespr\u00e1vn\u00e9, m\u016f\u017eete po\u017e\u00e1dat o&nbsp;jejich opravu.<\/p>\n\n\n\n<h4 class=\"wp-block-heading\">7.3. Pr\u00e1vo vzn\u00e9st n\u00e1mitku<\/h4>\n\n\n\n<p>Pr\u00e1vo vzn\u00e9st n\u00e1mitku \u2013 v&nbsp;p\u0159\u00edpad\u011b, \u017ee se domn\u00edv\u00e1te, \u017ee zpracov\u00e1v\u00e1me osobn\u00ed \u00fadaje nad r\u00e1mec na\u0161ich opr\u00e1vn\u011bn\u00fdch z\u00e1jm\u016f, m\u016f\u017eete proti takov\u00e9mu zpracov\u00e1n\u00ed vzn\u00e9st n\u00e1mitku. Va\u0161\u00ed n\u00e1mitkou se mus\u00edme zab\u00fdvat.<\/p>\n\n\n\n<h4 class=\"wp-block-heading\">7.4. Pr\u00e1vo na v\u00fdmaz (\u201eb\u00fdt zapomenut\u201c)<\/h4>\n\n\n\n<p>Pr\u00e1vo na v\u00fdmaz \u2013 na Va\u0161i \u017e\u00e1dost mus\u00edme vymazat ve\u0161ker\u00e9 osobn\u00ed \u00fadaje, kter\u00e9 o&nbsp;V\u00e1s evidujeme. M\u016f\u017ee se ale st\u00e1t, \u017ee bude existovat jin\u00fd d\u016fvod, kter\u00fd n\u00e1s oprav\u0148uje \u010di zavazuje osobn\u00ed \u00fadaje uchov\u00e1vat (na z\u00e1klad\u011b z\u00e1kon\u016f). V&nbsp;takov\u00e9m p\u0159\u00edpad\u011b v\u00fdmaz nem\u016f\u017eeme prov\u00e9st.<\/p>\n\n\n\n<h4 class=\"wp-block-heading\">7.5. Pr\u00e1vo na omezen\u00ed zpracov\u00e1n\u00ed<\/h4>\n\n\n\n<p>Pr\u00e1vo na omezen\u00ed zpracov\u00e1n\u00ed \u2013 v&nbsp;n\u011bkter\u00fdch p\u0159\u00edpadech sice osobn\u00ed \u00fadaje m\u016f\u017eeme uchov\u00e1vat, ale nesm\u00edme s&nbsp;nimi nijak nakl\u00e1dat; jedn\u00e1 se o&nbsp;n\u00e1sleduj\u00edc\u00ed situace:<\/p>\n\n\n\n<ol class=\"wp-block-list\">\n<li>Pokud pop\u0159ete p\u0159esnost osobn\u00edch \u00fadaj\u016f a&nbsp;my pot\u0159ebujeme Va\u0161e sd\u011blen\u00ed ov\u011b\u0159it;<\/li>\n\n\n\n<li>Pokud osobn\u00ed \u00fadaje zpracov\u00e1v\u00e1me neopr\u00e1vn\u011bn\u011b, ale nep\u0159ejete si, abychom je vymazali a&nbsp;m\u00edsto v\u00fdmazu po\u017e\u00e1d\u00e1te jen o&nbsp;omezen\u00ed zpracov\u00e1n\u00ed;<\/li>\n\n\n\n<li>Pokud ji\u017e osobn\u00ed \u00fadaje nepot\u0159ebujeme, ale po\u017e\u00e1d\u00e1te o&nbsp;jejich uchov\u00e1n\u00ed pro uplatn\u011bn\u00ed Va\u0161ich pr\u00e1vn\u00edch n\u00e1rok\u016f;<\/li>\n\n\n\n<li>Pokud vznesete n\u00e1mitku proti zpracov\u00e1n\u00ed, a&nbsp;to po dobu, ne\u017e ov\u011b\u0159\u00edme, jestli budou osobn\u00ed \u00fadaje d\u00e1l zpracov\u00e1v\u00e1ny v&nbsp;na\u0161em d\u016fle\u017eit\u00e9m z\u00e1jmu nebo je zpracov\u00e1vat nebudeme.<\/li>\n<\/ol>\n\n\n\n<h4 class=\"wp-block-heading\">7.6. Pr\u00e1vo na p\u0159enositelnost osobn\u00edch \u00fadaj\u016f<\/h4>\n\n\n\n<p>Pr\u00e1vo na p\u0159enositelnost osobn\u00edch \u00fadaj\u016f \u2013 v&nbsp;p\u0159\u00edpad\u011b, \u017ee n\u00e1s o&nbsp;to po\u017e\u00e1d\u00e1te, poskytneme V\u00e1m Va\u0161e osobn\u00ed \u00fadaje, kter\u00e9 zpracov\u00e1v\u00e1me na z\u00e1klad\u011b souhlasu a&nbsp;z\u00e1rove\u0148 je zpracov\u00e1v\u00e1me automatizovan\u011b. Takov\u00e9 osobn\u00ed \u00fadaje V\u00e1m poskytneme v&nbsp;b\u011b\u017en\u011b pou\u017e\u00edvan\u00e9m, strojov\u011b \u010diteln\u00e9m form\u00e1tu. P\u0159\u00edpadn\u011b tyto osobn\u00ed \u00fadaje m\u016f\u017eeme p\u0159edat spr\u00e1vci, kter\u00e9ho ur\u010d\u00edte, pokud ale s&nbsp;p\u0159ed\u00e1n\u00edm bude souhlasit.<\/p>\n\n\n\n<h4 class=\"wp-block-heading\">7.7. Pr\u00e1vo podat st\u00ed\u017enost<\/h4>\n\n\n\n<p>Pr\u00e1vo podat st\u00ed\u017enost \u2013 pokud se domn\u00edv\u00e1te, \u017ee n\u011bjak\u00fdm zp\u016fsobem poru\u0161ujeme pravidla zpracov\u00e1v\u00e1n\u00ed osobn\u00edch \u00fadaj\u016f, m\u00e1te pr\u00e1vo podat st\u00ed\u017enost k&nbsp;<a href=\"https:\/\/www.uoou.cz\/\">\u00da\u0159adu pro ochranu osobn\u00edch \u00fadaj\u016f<\/a>. Samoz\u0159ejm\u011b ale budeme r\u00e1di, pokud Va\u0161e p\u0159ipom\u00ednky probereme spole\u010dn\u011b a&nbsp;pokus\u00edme se je vy\u0159e\u0161it k&nbsp;Va\u0161\u00ed spokojenosti. Va\u0161e \u00fadaje pova\u017eujeme za vysoce d\u016fv\u011brn\u00e9, a&nbsp;tak k&nbsp;nim i&nbsp;p\u0159istupujeme. Jsou u&nbsp;n\u00e1s v&nbsp;bezpe\u010d\u00ed. Pokud m\u00e1te jak\u00fdkoli dotaz ohledn\u011b na\u0161ich z\u00e1sad, m\u016f\u017eete n\u00e1m napsat na e-mail <a href=\"mailto:petr@bernadic.cz\">petr@bernadic.cz<\/a> nebo se ozvat na jak\u00fdkoli jin\u00fd kontakt uveden\u00fd v&nbsp;odstavci 1.2.&nbsp;t\u011bchto z\u00e1sad ochrany soukrom\u00ed. Tyto z\u00e1sady m\u016f\u017eeme \u010das od \u010dasu aktualizovat, a&nbsp;proto doporu\u010dujeme, abyste se na tuto str\u00e1nku ob\u010das pod\u00edvali. Tyto z\u00e1sady jsme vydali dne <strong>17.10.2024<\/strong>.<\/p>\n\n\n\n<hr class=\"wp-block-separator has-alpha-channel-opacity\"\/>\n\t\t\t\t\t\t\t\t<\/div>\n\t\t\t\t<\/div>\n\t\t\t\t\t<\/div>\n\t\t\t\t<\/div>\n\t\t\t\t<\/div>\n\t\t","protected":false},"excerpt":{"rendered":"<p>Z\u00e1sady zpracov\u00e1n\u00ed osobn\u00edch \u00fadaj\u016f Ochrana Va\u0161eho soukrom\u00ed je pro n\u00e1s velmi d\u016fle\u017eit\u00e1. Na na\u0161ich webov\u00fdch str\u00e1nk\u00e1ch, um\u00edst\u011bn\u00fdch na internetov\u00e9 adrese https:\/\/www.petrbernadic.cz\/ (d\u00e1le \u201eWeb\u201c), se sna\u017e\u00edme zajistit co nejvy\u0161\u0161\u00ed standardy ochrany. N\u00ed\u017ee se mimo jin\u00e9 do\u010dtete, jak\u00fdm zp\u016fsobem Va\u0161e osobn\u00ed \u00fadaje z\u00edskan\u00e9 prost\u0159ednictv\u00edm Webu shroma\u017e\u010fujeme a&nbsp;zpracov\u00e1v\u00e1me. 1. KDO ZPRACOV\u00c1V\u00c1 VA\u0160E OSOBN\u00cd \u00daDAJE? 1.1. Spr\u00e1vce osobn\u00edch \u00fadaj\u016f [&hellip;]<\/p>\n","protected":false},"author":1,"featured_media":0,"parent":0,"menu_order":0,"comment_status":"closed","ping_status":"open","template":"","meta":{"footnotes":""},"class_list":["post-3","page","type-page","status-publish","hentry"],"_links":{"self":[{"href":"https:\/\/www.petrbernadic.cz\/index.php?rest_route=\/wp\/v2\/pages\/3","targetHints":{"allow":["GET"]}}],"collection":[{"href":"https:\/\/www.petrbernadic.cz\/index.php?rest_route=\/wp\/v2\/pages"}],"about":[{"href":"https:\/\/www.petrbernadic.cz\/index.php?rest_route=\/wp\/v2\/types\/page"}],"author":[{"embeddable":true,"href":"https:\/\/www.petrbernadic.cz\/index.php?rest_route=\/wp\/v2\/users\/1"}],"replies":[{"embeddable":true,"href":"https:\/\/www.petrbernadic.cz\/index.php?rest_route=%2Fwp%2Fv2%2Fcomments&post=3"}],"version-history":[{"count":4,"href":"https:\/\/www.petrbernadic.cz\/index.php?rest_route=\/wp\/v2\/pages\/3\/revisions"}],"predecessor-version":[{"id":290,"href":"https:\/\/www.petrbernadic.cz\/index.php?rest_route=\/wp\/v2\/pages\/3\/revisions\/290"}],"wp:attachment":[{"href":"https:\/\/www.petrbernadic.cz\/index.php?rest_route=%2Fwp%2Fv2%2Fmedia&parent=3"}],"curies":[{"name":"wp","href":"https:\/\/api.w.org\/{rel}","templated":true}]}}